{"id":13340,"date":"2021-12-14T10:01:31","date_gmt":"2021-12-14T09:01:31","guid":{"rendered":"https:\/\/static.wellupages.eu\/menu-glowne-nasza-propozycja\/"},"modified":"2021-12-14T10:01:53","modified_gmt":"2021-12-14T09:01:53","slug":"nasza-propozycja","status":"publish","type":"page","link":"https:\/\/static.wellupages.eu\/fr\/wspolpraca\/nasza-propozycja\/","title":{"rendered":"Menu g\u0142\u00f3wne &#8211; Nasza propozycja"},"content":{"rendered":"\t\t<div data-elementor-type=\"wp-page\" data-elementor-id=\"13340\" class=\"elementor elementor-13340 elementor-6478\" data-elementor-post-type=\"page\">\n\t\t\t\t\t\t<section class=\"has_eae_slider elementor-section elementor-top-section elementor-element elementor-element-50fef29 elementor-section-boxed elementor-section-height-default elementor-section-height-default\" data-eae-slider=\"59747\" data-id=\"50fef29\" data-element_type=\"section\" data-e-type=\"section\">\n\t\t\t\t\t\t<div class=\"elementor-container elementor-column-gap-default\">\n\t\t\t\t\t<div class=\"has_eae_slider elementor-column elementor-col-100 elementor-top-column elementor-element elementor-element-af0f546\" data-eae-slider=\"3319\" data-id=\"af0f546\" data-element_type=\"column\" data-e-type=\"column\">\n\t\t\t<div class=\"elementor-widget-wrap elementor-element-populated\">\n\t\t\t\t\t\t<div class=\"elementor-element elementor-element-54dec6b elementor-widget elementor-widget-spacer\" data-id=\"54dec6b\" data-element_type=\"widget\" data-e-type=\"widget\" data-widget_type=\"spacer.default\">\n\t\t\t\t<div class=\"elementor-widget-container\">\n\t\t\t\t\t\t\t<div class=\"elementor-spacer\">\n\t\t\t<div class=\"elementor-spacer-inner\"><\/div>\n\t\t<\/div>\n\t\t\t\t\t\t<\/div>\n\t\t\t\t<\/div>\n\t\t\t\t<div class=\"elementor-element elementor-element-720783c elementor-widget elementor-widget-heading\" data-id=\"720783c\" data-element_type=\"widget\" data-e-type=\"widget\" data-widget_type=\"heading.default\">\n\t\t\t\t<div class=\"elementor-widget-container\">\n\t\t\t\t\t<h2 class=\"elementor-heading-title elementor-size-xl\">Les panneaux indicateurs nous indiquent la bonne direction. <br>Ce sont nos valeurs.<\/h2>\t\t\t\t<\/div>\n\t\t\t\t<\/div>\n\t\t\t\t<section class=\"has_eae_slider elementor-section elementor-inner-section elementor-element elementor-element-e149802 elementor-section-boxed elementor-section-height-default elementor-section-height-default\" data-eae-slider=\"76061\" data-id=\"e149802\" data-element_type=\"section\" data-e-type=\"section\">\n\t\t\t\t\t\t<div class=\"elementor-container elementor-column-gap-default\">\n\t\t\t\t\t<div class=\"has_eae_slider elementor-column elementor-col-100 elementor-inner-column elementor-element elementor-element-c647016\" data-eae-slider=\"19438\" data-id=\"c647016\" data-element_type=\"column\" data-e-type=\"column\">\n\t\t\t<div class=\"elementor-widget-wrap elementor-element-populated\">\n\t\t\t\t\t\t<div class=\"elementor-element elementor-element-f28c034 elementor-widget elementor-widget-image\" data-id=\"f28c034\" data-element_type=\"widget\" data-e-type=\"widget\" data-widget_type=\"image.default\">\n\t\t\t\t<div class=\"elementor-widget-container\">\n\t\t\t\t\t\t\t\t\t\t\t\t\t\t\t<img decoding=\"async\" src=\"https:\/\/static.wellupages.eu\/wp-content\/uploads\/elementor\/thumbs\/we_are_well-os5t1y2qob39zpsfnwkvl3zrnow29difgwe5ida4w4.png\" title=\"we_are_well\" alt=\"we_are_well\" loading=\"lazy\" \/>\t\t\t\t\t\t\t\t\t\t\t\t\t\t\t<\/div>\n\t\t\t\t<\/div>\n\t\t\t\t\t<\/div>\n\t\t<\/div>\n\t\t\t\t\t<\/div>\n\t\t<\/section>\n\t\t\t\t<div class=\"elementor-element elementor-element-f39dadf elementor-widget-divider--view-line elementor-widget elementor-widget-global elementor-global-4403 elementor-widget-divider\" data-id=\"f39dadf\" data-element_type=\"widget\" data-e-type=\"widget\" data-widget_type=\"divider.default\">\n\t\t\t\t<div class=\"elementor-widget-container\">\n\t\t\t\t\t\t\t<div class=\"elementor-divider\">\n\t\t\t<span class=\"elementor-divider-separator\">\n\t\t\t\t\t\t<\/span>\n\t\t<\/div>\n\t\t\t\t\t\t<\/div>\n\t\t\t\t<\/div>\n\t\t\t\t<section class=\"has_eae_slider elementor-section elementor-inner-section elementor-element elementor-element-cbcfce6 elementor-section-boxed elementor-section-height-default elementor-section-height-default\" data-eae-slider=\"53127\" data-id=\"cbcfce6\" data-element_type=\"section\" data-e-type=\"section\">\n\t\t\t\t\t\t<div class=\"elementor-container elementor-column-gap-default\">\n\t\t\t\t\t<div class=\"has_eae_slider elementor-column elementor-col-50 elementor-inner-column elementor-element elementor-element-5c2bfe7\" data-eae-slider=\"86352\" data-id=\"5c2bfe7\" data-element_type=\"column\" data-e-type=\"column\">\n\t\t\t<div class=\"elementor-widget-wrap elementor-element-populated\">\n\t\t\t\t\t\t<div class=\"elementor-element elementor-element-3b217c3 elementor-widget elementor-widget-image\" data-id=\"3b217c3\" data-element_type=\"widget\" data-e-type=\"widget\" data-widget_type=\"image.default\">\n\t\t\t\t<div class=\"elementor-widget-container\">\n\t\t\t\t\t\t\t\t\t\t\t\t\t\t\t<img fetchpriority=\"high\" decoding=\"async\" width=\"1000\" height=\"1000\" src=\"https:\/\/static.wellupages.eu\/wp-content\/uploads\/2020\/06\/naturescience.png\" class=\"attachment-large size-large wp-image-6568\" alt=\"\" srcset=\"https:\/\/static.wellupages.eu\/wp-content\/uploads\/2020\/06\/naturescience.png 1000w, https:\/\/static.wellupages.eu\/wp-content\/uploads\/2020\/06\/naturescience-300x300.png 300w, https:\/\/static.wellupages.eu\/wp-content\/uploads\/2020\/06\/naturescience-150x150.png 150w\" sizes=\"(max-width: 1000px) 100vw, 1000px\" \/>\t\t\t\t\t\t\t\t\t\t\t\t\t\t\t<\/div>\n\t\t\t\t<\/div>\n\t\t\t\t\t<\/div>\n\t\t<\/div>\n\t\t\t\t<div class=\"has_eae_slider elementor-column elementor-col-50 elementor-inner-column elementor-element elementor-element-a9df7a7\" data-eae-slider=\"66332\" data-id=\"a9df7a7\" data-element_type=\"column\" data-e-type=\"column\">\n\t\t\t<div class=\"elementor-widget-wrap elementor-element-populated\">\n\t\t\t\t\t\t<div class=\"elementor-element elementor-element-711bc4b elementor-widget elementor-widget-heading\" data-id=\"711bc4b\" data-element_type=\"widget\" data-e-type=\"widget\" data-widget_type=\"heading.default\">\n\t\t\t\t<div class=\"elementor-widget-container\">\n\t\t\t\t\t<h2 class=\"elementor-heading-title elementor-size-large\">La synergie entre la science et la nature<\/h2>\t\t\t\t<\/div>\n\t\t\t\t<\/div>\n\t\t\t\t<div class=\"elementor-element elementor-element-92c6974 elementor-widget elementor-widget-text-editor\" data-id=\"92c6974\" data-element_type=\"widget\" data-e-type=\"widget\" data-widget_type=\"text-editor.default\">\n\t\t\t\t<div class=\"elementor-widget-container\">\n\t\t\t\t\t\t\t\t\t<p> Nous ne cr\u00e9ons pas de produits. Nous composons pour vous des chefs-d&rsquo;\u0153uvre de biotechnologie qui rajeunissent visiblement, soutiennent la sant\u00e9, assurent le bien-\u00eatre et vous donnent confiance en vous.<\/p>\n<p style=\"text-align: left;\" align=\"center\">La nature nous a enchant\u00e9s avec ses richesses inestimables ; nous y cherchons l&rsquo;inspiration pour cr\u00e9er des formules cosm\u00e9tiques et compl\u00e9mentaires efficaces.<\/p>\n<p>La science et les technologies innovantes nous permettent d&rsquo;atteindre l&rsquo;essence cach\u00e9e dans les \u0153uvres les plus parfaites de la nature. C&rsquo;est une valeur qui garantit le succ\u00e8s ; nos produits se recommandent d&rsquo;eux-m\u00eames sans effort &#8211; tout naturellement.<\/p>\n\t\t\t\t\t\t\t\t<\/div>\n\t\t\t\t<\/div>\n\t\t\t\t\t<\/div>\n\t\t<\/div>\n\t\t\t\t\t<\/div>\n\t\t<\/section>\n\t\t\t\t<div class=\"elementor-element elementor-element-08c9c5c elementor-widget elementor-widget-spacer\" data-id=\"08c9c5c\" data-element_type=\"widget\" data-e-type=\"widget\" data-widget_type=\"spacer.default\">\n\t\t\t\t<div class=\"elementor-widget-container\">\n\t\t\t\t\t\t\t<div class=\"elementor-spacer\">\n\t\t\t<div class=\"elementor-spacer-inner\"><\/div>\n\t\t<\/div>\n\t\t\t\t\t\t<\/div>\n\t\t\t\t<\/div>\n\t\t\t\t<section class=\"has_eae_slider elementor-section elementor-inner-section elementor-element elementor-element-f0a528f elementor-section-boxed elementor-section-height-default elementor-section-height-default\" data-eae-slider=\"25598\" data-id=\"f0a528f\" data-element_type=\"section\" data-e-type=\"section\">\n\t\t\t\t\t\t<div class=\"elementor-container elementor-column-gap-default\">\n\t\t\t\t\t<div class=\"has_eae_slider elementor-column elementor-col-50 elementor-inner-column elementor-element elementor-element-503f541\" data-eae-slider=\"20010\" data-id=\"503f541\" data-element_type=\"column\" data-e-type=\"column\">\n\t\t\t<div class=\"elementor-widget-wrap elementor-element-populated\">\n\t\t\t\t\t\t<div class=\"elementor-element elementor-element-7e5d108 elementor-widget elementor-widget-heading\" data-id=\"7e5d108\" data-element_type=\"widget\" data-e-type=\"widget\" data-widget_type=\"heading.default\">\n\t\t\t\t<div class=\"elementor-widget-container\">\n\t\t\t\t\t<h2 class=\"elementor-heading-title elementor-size-large\">Vivez l'esprit de WellU avec nous<\/h2>\t\t\t\t<\/div>\n\t\t\t\t<\/div>\n\t\t\t\t<div class=\"elementor-element elementor-element-6735475 elementor-widget elementor-widget-text-editor\" data-id=\"6735475\" data-element_type=\"widget\" data-e-type=\"widget\" data-widget_type=\"text-editor.default\">\n\t\t\t\t<div class=\"elementor-widget-container\">\n\t\t\t\t\t\t\t\t\t<p>Vous ne vous lancez pas seul dans cette aventure. Nous construisons une culture d&rsquo;entreprise, en cr\u00e9ant une soci\u00e9t\u00e9 o\u00f9 chacun fait partie int\u00e9grante de l&rsquo;\u00e9quipe.<\/p>\n<p>Ici, les gens passionn\u00e9s r\u00eavent ensemble, atteignent des objectifs, s&rsquo;amusent, grandissent ensemble et explorent le monde ensemble.<\/p>\n\t\t\t\t\t\t\t\t<\/div>\n\t\t\t\t<\/div>\n\t\t\t\t\t<\/div>\n\t\t<\/div>\n\t\t\t\t<div class=\"has_eae_slider elementor-column elementor-col-50 elementor-inner-column elementor-element elementor-element-c1409a8\" data-eae-slider=\"33454\" data-id=\"c1409a8\" data-element_type=\"column\" data-e-type=\"column\">\n\t\t\t<div class=\"elementor-widget-wrap elementor-element-populated\">\n\t\t\t\t\t\t<div class=\"elementor-element elementor-element-9ed49d5 elementor-widget elementor-widget-image\" data-id=\"9ed49d5\" data-element_type=\"widget\" data-e-type=\"widget\" data-widget_type=\"image.default\">\n\t\t\t\t<div class=\"elementor-widget-container\">\n\t\t\t\t\t\t\t\t\t\t\t\t\t\t\t<img decoding=\"async\" width=\"1000\" height=\"1000\" src=\"https:\/\/static.wellupages.eu\/wp-content\/uploads\/2020\/06\/people.png\" class=\"attachment-large size-large wp-image-6574\" alt=\"\" srcset=\"https:\/\/static.wellupages.eu\/wp-content\/uploads\/2020\/06\/people.png 1000w, https:\/\/static.wellupages.eu\/wp-content\/uploads\/2020\/06\/people-300x300.png 300w, https:\/\/static.wellupages.eu\/wp-content\/uploads\/2020\/06\/people-150x150.png 150w\" sizes=\"(max-width: 1000px) 100vw, 1000px\" \/>\t\t\t\t\t\t\t\t\t\t\t\t\t\t\t<\/div>\n\t\t\t\t<\/div>\n\t\t\t\t\t<\/div>\n\t\t<\/div>\n\t\t\t\t\t<\/div>\n\t\t<\/section>\n\t\t\t\t<div class=\"elementor-element elementor-element-52a4c39 elementor-widget elementor-widget-spacer\" data-id=\"52a4c39\" data-element_type=\"widget\" data-e-type=\"widget\" data-widget_type=\"spacer.default\">\n\t\t\t\t<div class=\"elementor-widget-container\">\n\t\t\t\t\t\t\t<div class=\"elementor-spacer\">\n\t\t\t<div class=\"elementor-spacer-inner\"><\/div>\n\t\t<\/div>\n\t\t\t\t\t\t<\/div>\n\t\t\t\t<\/div>\n\t\t\t\t<div class=\"elementor-element elementor-element-bc33fce elementor-widget elementor-widget-spacer\" data-id=\"bc33fce\" data-element_type=\"widget\" data-e-type=\"widget\" data-widget_type=\"spacer.default\">\n\t\t\t\t<div class=\"elementor-widget-container\">\n\t\t\t\t\t\t\t<div class=\"elementor-spacer\">\n\t\t\t<div class=\"elementor-spacer-inner\"><\/div>\n\t\t<\/div>\n\t\t\t\t\t\t<\/div>\n\t\t\t\t<\/div>\n\t\t\t\t<section class=\"has_eae_slider elementor-section elementor-inner-section elementor-element elementor-element-39d8b0b elementor-section-boxed elementor-section-height-default elementor-section-height-default\" data-eae-slider=\"5942\" data-id=\"39d8b0b\" data-element_type=\"section\" data-e-type=\"section\">\n\t\t\t\t\t\t<div class=\"elementor-container elementor-column-gap-default\">\n\t\t\t\t\t<div class=\"has_eae_slider elementor-column elementor-col-50 elementor-inner-column elementor-element elementor-element-3255e9c\" data-eae-slider=\"3296\" data-id=\"3255e9c\" data-element_type=\"column\" data-e-type=\"column\">\n\t\t\t<div class=\"elementor-widget-wrap elementor-element-populated\">\n\t\t\t\t\t\t<div class=\"elementor-element elementor-element-df78a6c elementor-widget elementor-widget-image\" data-id=\"df78a6c\" data-element_type=\"widget\" data-e-type=\"widget\" data-widget_type=\"image.default\">\n\t\t\t\t<div class=\"elementor-widget-container\">\n\t\t\t\t\t\t\t\t\t\t\t\t\t\t\t<img decoding=\"async\" width=\"1000\" height=\"1000\" src=\"https:\/\/static.wellupages.eu\/wp-content\/uploads\/2020\/06\/daretodream.png\" class=\"attachment-large size-large wp-image-6556\" alt=\"\" srcset=\"https:\/\/static.wellupages.eu\/wp-content\/uploads\/2020\/06\/daretodream.png 1000w, https:\/\/static.wellupages.eu\/wp-content\/uploads\/2020\/06\/daretodream-300x300.png 300w, https:\/\/static.wellupages.eu\/wp-content\/uploads\/2020\/06\/daretodream-150x150.png 150w\" sizes=\"(max-width: 1000px) 100vw, 1000px\" \/>\t\t\t\t\t\t\t\t\t\t\t\t\t\t\t<\/div>\n\t\t\t\t<\/div>\n\t\t\t\t\t<\/div>\n\t\t<\/div>\n\t\t\t\t<div class=\"has_eae_slider elementor-column elementor-col-50 elementor-inner-column elementor-element elementor-element-7c1c5f1\" data-eae-slider=\"96028\" data-id=\"7c1c5f1\" data-element_type=\"column\" data-e-type=\"column\">\n\t\t\t<div class=\"elementor-widget-wrap elementor-element-populated\">\n\t\t\t\t\t\t<div class=\"elementor-element elementor-element-6a911eb elementor-widget elementor-widget-heading\" data-id=\"6a911eb\" data-element_type=\"widget\" data-e-type=\"widget\" data-widget_type=\"heading.default\">\n\t\t\t\t<div class=\"elementor-widget-container\">\n\t\t\t\t\t<h2 class=\"elementor-heading-title elementor-size-large\">Oser r\u00eaver<\/h2>\t\t\t\t<\/div>\n\t\t\t\t<\/div>\n\t\t\t\t<div class=\"elementor-element elementor-element-410631f elementor-widget elementor-widget-text-editor\" data-id=\"410631f\" data-element_type=\"widget\" data-e-type=\"widget\" data-widget_type=\"text-editor.default\">\n\t\t\t\t<div class=\"elementor-widget-container\">\n\t\t\t\t\t\t\t\t\t<p><strong>Fixez des objectifs ambitieux, car notre mission est votre r\u00e9ussite. <\/strong>D\u00e9collez avec nous <br \/>sur l&rsquo;autoroute de la carri\u00e8re WellU.<\/p>\n<p>Notre plan financier est une machine \u00e0 remonter le temps hybride avec un double entra\u00eenement qui paie deux fois le m\u00eame chiffre d&rsquo;affaires.<\/p>\n<p>C&rsquo;est l\u00e0 que vous r\u00e9aliserez votre plein potentiel.<\/p>\n\t\t\t\t\t\t\t\t<\/div>\n\t\t\t\t<\/div>\n\t\t\t\t\t<\/div>\n\t\t<\/div>\n\t\t\t\t\t<\/div>\n\t\t<\/section>\n\t\t\t\t<div class=\"elementor-element elementor-element-41e6c7d elementor-widget elementor-widget-spacer\" data-id=\"41e6c7d\" data-element_type=\"widget\" data-e-type=\"widget\" data-widget_type=\"spacer.default\">\n\t\t\t\t<div class=\"elementor-widget-container\">\n\t\t\t\t\t\t\t<div class=\"elementor-spacer\">\n\t\t\t<div class=\"elementor-spacer-inner\"><\/div>\n\t\t<\/div>\n\t\t\t\t\t\t<\/div>\n\t\t\t\t<\/div>\n\t\t\t\t<section class=\"has_eae_slider elementor-section elementor-inner-section elementor-element elementor-element-97f865c elementor-section-boxed elementor-section-height-default elementor-section-height-default\" data-eae-slider=\"71334\" data-id=\"97f865c\" data-element_type=\"section\" data-e-type=\"section\">\n\t\t\t\t\t\t<div class=\"elementor-container elementor-column-gap-default\">\n\t\t\t\t\t<div class=\"has_eae_slider elementor-column elementor-col-50 elementor-inner-column elementor-element elementor-element-276caeb\" data-eae-slider=\"15939\" data-id=\"276caeb\" data-element_type=\"column\" data-e-type=\"column\">\n\t\t\t<div class=\"elementor-widget-wrap elementor-element-populated\">\n\t\t\t\t\t\t<div class=\"elementor-element elementor-element-3fd85ab elementor-widget elementor-widget-heading\" data-id=\"3fd85ab\" data-element_type=\"widget\" data-e-type=\"widget\" data-widget_type=\"heading.default\">\n\t\t\t\t<div class=\"elementor-widget-container\">\n\t\t\t\t\t<h2 class=\"elementor-heading-title elementor-size-large\">Vous \u00eates au c\u0153ur de ce que nous faisons... vous<\/h2>\t\t\t\t<\/div>\n\t\t\t\t<\/div>\n\t\t\t\t<div class=\"elementor-element elementor-element-c1a32d9 elementor-widget elementor-widget-text-editor\" data-id=\"c1a32d9\" data-element_type=\"widget\" data-e-type=\"widget\" data-widget_type=\"text-editor.default\">\n\t\t\t\t<div class=\"elementor-widget-container\">\n\t\t\t\t\t\t\t\t\t<p>Vos besoins sont au c\u0153ur de ce que nous faisons.<\/p>\n<p>Nous savons comment \u00e9couter. Nous n&rsquo;oublions pas que notre mission s&rsquo;accomplit lorsque vous r\u00e9alisez vos r\u00eaves. Nous nous efforcerons donc de vous apporter un soutien suppl\u00e9mentaire. Notre priorit\u00e9 est de vous faciliter la t\u00e2che et de permettre \u00e0 vos clients de prendre plus facilement une d\u00e9cision d&rsquo;achat.<\/p>\n<p>Nous partageons g\u00e9n\u00e9reusement les opportunit\u00e9s d&rsquo;affaires et nous offrons ensuite plus que ce que vous attendez. La satisfaction du client ne nous inqui\u00e8te pas du tout. Nous savons que les seuls insatisfaits sont ceux qui ne connaissent pas encore nos produits.<\/p>\n\t\t\t\t\t\t\t\t<\/div>\n\t\t\t\t<\/div>\n\t\t\t\t\t<\/div>\n\t\t<\/div>\n\t\t\t\t<div class=\"has_eae_slider elementor-column elementor-col-50 elementor-inner-column elementor-element elementor-element-e6ac04f\" data-eae-slider=\"41942\" data-id=\"e6ac04f\" data-element_type=\"column\" data-e-type=\"column\">\n\t\t\t<div class=\"elementor-widget-wrap elementor-element-populated\">\n\t\t\t\t\t\t<div class=\"elementor-element elementor-element-9bfe11d elementor-widget elementor-widget-image\" data-id=\"9bfe11d\" data-element_type=\"widget\" data-e-type=\"widget\" data-widget_type=\"image.default\">\n\t\t\t\t<div class=\"elementor-widget-container\">\n\t\t\t\t\t\t\t\t\t\t\t\t\t\t\t<img loading=\"lazy\" decoding=\"async\" width=\"1000\" height=\"1000\" src=\"https:\/\/static.wellupages.eu\/wp-content\/uploads\/2020\/06\/friendly-buisness.png\" class=\"attachment-large size-large wp-image-6562\" alt=\"\" srcset=\"https:\/\/static.wellupages.eu\/wp-content\/uploads\/2020\/06\/friendly-buisness.png 1000w, https:\/\/static.wellupages.eu\/wp-content\/uploads\/2020\/06\/friendly-buisness-300x300.png 300w, https:\/\/static.wellupages.eu\/wp-content\/uploads\/2020\/06\/friendly-buisness-150x150.png 150w\" sizes=\"(max-width: 1000px) 100vw, 1000px\" \/>\t\t\t\t\t\t\t\t\t\t\t\t\t\t\t<\/div>\n\t\t\t\t<\/div>\n\t\t\t\t\t<\/div>\n\t\t<\/div>\n\t\t\t\t\t<\/div>\n\t\t<\/section>\n\t\t\t\t<div class=\"elementor-element elementor-element-915671f elementor-widget elementor-widget-spacer\" data-id=\"915671f\" data-element_type=\"widget\" data-e-type=\"widget\" data-widget_type=\"spacer.default\">\n\t\t\t\t<div class=\"elementor-widget-container\">\n\t\t\t\t\t\t\t<div class=\"elementor-spacer\">\n\t\t\t<div class=\"elementor-spacer-inner\"><\/div>\n\t\t<\/div>\n\t\t\t\t\t\t<\/div>\n\t\t\t\t<\/div>\n\t\t\t\t<div class=\"elementor-element elementor-element-0a245e1 elementor-widget elementor-widget-heading\" data-id=\"0a245e1\" data-element_type=\"widget\" data-e-type=\"widget\" data-widget_type=\"heading.default\">\n\t\t\t\t<div class=\"elementor-widget-container\">\n\t\t\t\t\t<h2 class=\"elementor-heading-title elementor-size-xl\">Pr\u00eat? Attachez votre ceinture de s\u00e9curit\u00e9. Allons-y!<\/h2>\t\t\t\t<\/div>\n\t\t\t\t<\/div>\n\t\t\t\t\t<\/div>\n\t\t<\/div>\n\t\t\t\t\t<\/div>\n\t\t<\/section>\n\t\t\t\t<section class=\"has_eae_slider elementor-section elementor-top-section elementor-element elementor-element-855c5ac elementor-section-boxed elementor-section-height-default elementor-section-height-default\" data-eae-slider=\"75261\" data-id=\"855c5ac\" data-element_type=\"section\" data-e-type=\"section\">\n\t\t\t\t\t\t<div class=\"elementor-container elementor-column-gap-default\">\n\t\t\t\t\t<div class=\"has_eae_slider elementor-column elementor-col-100 elementor-top-column elementor-element elementor-element-25c2411\" data-eae-slider=\"40484\" data-id=\"25c2411\" data-element_type=\"column\" data-e-type=\"column\">\n\t\t\t<div class=\"elementor-widget-wrap elementor-element-populated\">\n\t\t\t\t\t\t<section class=\"has_eae_slider elementor-section elementor-inner-section elementor-element elementor-element-297c791 elementor-section-boxed elementor-section-height-default elementor-section-height-default\" data-eae-slider=\"77620\" data-id=\"297c791\" data-element_type=\"section\" data-e-type=\"section\">\n\t\t\t\t\t\t<div class=\"elementor-container elementor-column-gap-default\">\n\t\t\t\t\t<div class=\"has_eae_slider elementor-column elementor-col-100 elementor-inner-column elementor-element elementor-element-94d60c5\" data-eae-slider=\"38304\" data-id=\"94d60c5\" data-element_type=\"column\" data-e-type=\"column\">\n\t\t\t<div class=\"elementor-widget-wrap elementor-element-populated\">\n\t\t\t\t\t\t<div class=\"elementor-element elementor-element-b112dda elementor-widget elementor-widget-image\" data-id=\"b112dda\" data-element_type=\"widget\" data-e-type=\"widget\" data-widget_type=\"image.default\">\n\t\t\t\t<div class=\"elementor-widget-container\">\n\t\t\t\t\t\t\t\t\t\t\t\t\t\t\t<img decoding=\"async\" src=\"https:\/\/static.wellupages.eu\/wp-content\/uploads\/elementor\/thumbs\/wellureka-or74kofpyqeoidargkd6xe4xp4e7dwwx2h8e9o2t6s.png\" title=\"wellureka\" alt=\"wellureka\" loading=\"lazy\" \/>\t\t\t\t\t\t\t\t\t\t\t\t\t\t\t<\/div>\n\t\t\t\t<\/div>\n\t\t\t\t\t<\/div>\n\t\t<\/div>\n\t\t\t\t\t<\/div>\n\t\t<\/section>\n\t\t\t\t\t<\/div>\n\t\t<\/div>\n\t\t\t\t\t<\/div>\n\t\t<\/section>\n\t\t\t\t<\/div>\n\t\t","protected":false},"excerpt":{"rendered":"<p>Les panneaux indicateurs nous indiquent la bonne direction. Ce sont nos valeurs. La synergie entre la science et la nature Nous ne cr\u00e9ons pas de produits. Nous composons pour vous des chefs-d&rsquo;?uvre de biotechnologie qui rajeunissent visiblement, soutiennent la sant\u00e9, assurent le bien-?tre et vous donnent confiance en vous. La nature nous a enchant\u00e9s avec <a href=\"https:\/\/static.wellupages.eu\/fr\/wspolpraca\/nasza-propozycja\/\" class=\"more-link\">&#8230;<span class=\"screen-reader-text\">  Menu g\u0142\u00f3wne &#8211; Nasza propozycja<\/span><\/a><\/p>\n","protected":false},"author":1,"featured_media":0,"parent":35835,"menu_order":0,"comment_status":"closed","ping_status":"closed","template":"elementor_canvas","meta":{"ngg_post_thumbnail":0,"footnotes":""},"class_list":["post-13340","page","type-page","status-publish","hentry"],"_links":{"self":[{"href":"https:\/\/static.wellupages.eu\/fr\/wp-json\/wp\/v2\/pages\/13340","targetHints":{"allow":["GET"]}}],"collection":[{"href":"https:\/\/static.wellupages.eu\/fr\/wp-json\/wp\/v2\/pages"}],"about":[{"href":"https:\/\/static.wellupages.eu\/fr\/wp-json\/wp\/v2\/types\/page"}],"author":[{"embeddable":true,"href":"https:\/\/static.wellupages.eu\/fr\/wp-json\/wp\/v2\/users\/1"}],"replies":[{"embeddable":true,"href":"https:\/\/static.wellupages.eu\/fr\/wp-json\/wp\/v2\/comments?post=13340"}],"version-history":[{"count":0,"href":"https:\/\/static.wellupages.eu\/fr\/wp-json\/wp\/v2\/pages\/13340\/revisions"}],"up":[{"embeddable":true,"href":"https:\/\/static.wellupages.eu\/fr\/wp-json\/wp\/v2\/pages\/35835"}],"wp:attachment":[{"href":"https:\/\/static.wellupages.eu\/fr\/wp-json\/wp\/v2\/media?parent=13340"}],"curies":[{"name":"wp","href":"https:\/\/api.w.org\/{rel}","templated":true}]}}